{"id":7857,"date":"2026-02-26T12:51:03","date_gmt":"2026-02-26T17:51:03","guid":{"rendered":"https:\/\/sgrac-ecuador.com\/?page_id=7857"},"modified":"2026-02-26T12:52:28","modified_gmt":"2026-02-26T17:52:28","slug":"inicio","status":"publish","type":"page","link":"https:\/\/sgrac-ecuador.com\/es_ec\/","title":{"rendered":"Inicio"},"content":{"rendered":"\n<div style=\"height:95px\" aria-hidden=\"true\" class=\"wp-block-spacer\"><\/div>\n\n\n\n<div class=\"wp-block-group has-global-padding is-layout-constrained wp-container-core-group-is-layout-3a820303 wp-block-group-is-layout-constrained\" style=\"padding-right:var(--wp--preset--spacing--small);padding-left:var(--wp--preset--spacing--small)\">\n<div class=\"wp-block-cover alignfull is-light\" style=\"min-height:350px;aspect-ratio:unset;\"><video class=\"wp-block-cover__video-background intrinsic-ignore\" autoplay muted loop playsinline src=\"https:\/\/sgrac-ecuador.com\/wp-content\/uploads\/2024\/10\/marquesina1.mp4\" style=\"object-position:51% 29%\" data-object-fit=\"cover\" data-object-position=\"51% 29%\"><\/video><span aria-hidden=\"true\" class=\"wp-block-cover__background has-background-dim\" style=\"background-color:#7d001f\"><\/span><div class=\"wp-block-cover__inner-container is-layout-flow wp-block-cover-is-layout-flow\">\n<p class=\"has-text-align-center MiClaseCSS1 has-white-color has-text-color has-large-font-size\">Bienvenido<\/p>\n\n\n\n<p class=\"has-text-align-center has-background-color has-text-color has-link-color wp-elements-cb5511dfe827761f63766e12c1e6ff81\" style=\"font-size:clamp(14px, 0.875rem + ((1vw - 3.2px) * 0.531), 20px);\">al<\/p>\n\n\n\n<p class=\"has-text-align-center MiClaseCSS2 has-white-color has-text-color has-large-font-size\" style=\"letter-spacing:1px\">Gran Cap\u00edtulo Supremo del Real Arco del Ecuador<\/p>\n<\/div><\/div>\n\n\n\n<h2 class=\"wp-block-heading has-text-align-center\" style=\"letter-spacing:1px\">Autoridad Suprema de la Masoner\u00eda Regular del Real Arco en la Rep\u00fablica del Ecuador<\/h2>\n\n\n\n<p class=\"has-text-align-center\">Erigida y Consagrada por The Supreme Grand Royal Arch Chapter of Scotland<\/p>\n\n\n\n<div style=\"height:57px\" aria-hidden=\"true\" class=\"wp-block-spacer\"><\/div>\n<\/div>\n\n\n\n<div class=\"wp-block-group alignfull has-background has-global-padding is-layout-constrained wp-container-core-group-is-layout-b57e00ae wp-block-group-is-layout-constrained\" style=\"background-color:#f8f8f8\">\n<h2 class=\"wp-block-heading\">Saludos<\/h2>\n\n\n\n<p>Bienvenidos al sitio oficial del Gran Cap\u00edtulo Supremo del Real Arco del Ecuador.<\/p>\n\n\n\n<p>Este Cuerpo Mas\u00f3nico preserva y transmite la tradici\u00f3n del Real Arco bajo los principios universales de regularidad, respeto interinstitucional y perfeccionamiento moral.<\/p>\n\n\n\n<p>El Real Arco constituye una etapa esencial en la culminaci\u00f3n del camino del Maestro Mas\u00f3n, profundizando en la b\u00fasqueda de la verdad, la sabidur\u00eda y el servicio.<\/p>\n\n\n\n<div style=\"height:100px\" aria-hidden=\"true\" class=\"wp-block-spacer\"><\/div>\n<\/div>\n\n\n\n<div class=\"wp-block-group alignfull has-global-padding is-layout-constrained wp-container-core-group-is-layout-f8640c5f wp-block-group-is-layout-constrained\">\n<div class=\"wp-block-group has-global-padding is-layout-constrained wp-block-group-is-layout-constrained\" style=\"padding-top:var(--wp--preset--spacing--small);padding-bottom:var(--wp--preset--spacing--small)\">\n<div style=\"height:30px\" aria-hidden=\"true\" class=\"wp-block-spacer\"><\/div>\n\n\n\n<div class=\"wp-block-columns is-layout-flex wp-container-core-columns-is-layout-c375d253 wp-block-columns-is-layout-flex\">\n<div class=\"wp-block-column is-vertically-aligned-center is-layout-flow wp-block-column-is-layout-flow\">\n<h2 class=\"wp-block-heading\" style=\"text-transform:uppercase\">Nuestra historia<\/h2>\n\n\n\n<p>La masoner\u00eda se encuentra entre las organizaciones inici\u00e1ticas m\u00e1s antiguas del mundo.<\/p>\n\n\n\n<p>El Real Arco, reconocido universalmente como parte esencial del sistema mas\u00f3nico tradicional, ha sido transmitido a trav\u00e9s de generaciones como un cuerpo de ense\u00f1anza que complementa y profundiza la formaci\u00f3n del Maestro Mas\u00f3n.<\/p>\n\n\n\n<p>En el Ecuador, el Gran Cap\u00edtulo Supremo mantiene la continuidad de esta tradici\u00f3n con apego a los principios de regularidad que rigen la masoner\u00eda universal.<\/p>\n<\/div>\n\n\n\n<div class=\"wp-block-column is-vertically-aligned-center is-layout-flow wp-block-column-is-layout-flow\">\n<figure class=\"wp-block-image aligncenter size-full is-resized\"><img loading=\"lazy\" decoding=\"async\" width=\"1600\" height=\"1366\" src=\"https:\/\/sgrac-ecuador.com\/wp-content\/uploads\/2024\/08\/logo-SGRAC-2024.jpeg\" alt=\"\" class=\"wp-image-7305\" style=\"width:299px;height:auto\" srcset=\"https:\/\/sgrac-ecuador.com\/wp-content\/uploads\/2024\/08\/logo-SGRAC-2024.jpeg 1600w, https:\/\/sgrac-ecuador.com\/wp-content\/uploads\/2024\/08\/logo-SGRAC-2024-300x256.jpeg 300w, https:\/\/sgrac-ecuador.com\/wp-content\/uploads\/2024\/08\/logo-SGRAC-2024-1024x874.jpeg 1024w, https:\/\/sgrac-ecuador.com\/wp-content\/uploads\/2024\/08\/logo-SGRAC-2024-14x12.jpeg 14w\" sizes=\"auto, (max-width: 1600px) 100vw, 1600px\" \/><\/figure>\n<\/div>\n<\/div>\n\n\n\n<div style=\"height:30px\" aria-hidden=\"true\" class=\"wp-block-spacer\"><\/div>\n<\/div>\n<\/div>\n\n\n\n<div class=\"wp-block-group alignfull has-global-padding is-layout-constrained wp-container-core-group-is-layout-f8640c5f wp-block-group-is-layout-constrained\">\n<div class=\"wp-block-group has-global-padding is-layout-constrained wp-block-group-is-layout-constrained\" style=\"padding-top:var(--wp--preset--spacing--small);padding-bottom:var(--wp--preset--spacing--small)\">\n<div style=\"height:30px\" aria-hidden=\"true\" class=\"wp-block-spacer\"><\/div>\n\n\n\n<div class=\"wp-block-columns is-layout-flex wp-container-core-columns-is-layout-c375d253 wp-block-columns-is-layout-flex\">\n<div class=\"wp-block-column is-vertically-aligned-center is-layout-flow wp-block-column-is-layout-flow\">\n<figure class=\"wp-block-image aligncenter size-full is-resized\"><img loading=\"lazy\" decoding=\"async\" width=\"734\" height=\"734\" src=\"https:\/\/sgrac-ecuador.com\/wp-content\/uploads\/2026\/02\/sqtau-red4-1024.png\" alt=\"\" class=\"wp-image-7860\" style=\"width:299px;height:auto\" srcset=\"https:\/\/sgrac-ecuador.com\/wp-content\/uploads\/2026\/02\/sqtau-red4-1024.png 734w, https:\/\/sgrac-ecuador.com\/wp-content\/uploads\/2026\/02\/sqtau-red4-1024-300x300.png 300w, https:\/\/sgrac-ecuador.com\/wp-content\/uploads\/2026\/02\/sqtau-red4-1024-150x150.png 150w\" sizes=\"auto, (max-width: 734px) 100vw, 734px\" \/><\/figure>\n<\/div>\n\n\n\n<div class=\"wp-block-column is-vertically-aligned-center is-layout-flow wp-block-column-is-layout-flow\">\n<h2 class=\"wp-block-heading\" style=\"text-transform:uppercase\">Nuestra Identidad<\/h2>\n\n\n\n<p>El Gran Cap\u00edtulo Supremo del Real Arco del Ecuador trabaja conforme a los principios hist\u00f3ricos de la masoner\u00eda tradicional.<\/p>\n\n\n\n<p>Su estructura se fundamenta en:<\/p>\n\n\n\n<ul class=\"wp-block-list\">\n<li>Regularidad mas\u00f3nica<\/li>\n\n\n\n<li>Continuidad institucional<\/li>\n\n\n\n<li>Reconocimiento tradicional<\/li>\n\n\n\n<li>Respeto entre cuerpos mas\u00f3nicos<\/li>\n\n\n\n<li>Servicio a la sociedad<\/li>\n<\/ul>\n\n\n\n<p>Nuestros miembros provienen de diversos \u00e1mbitos profesionales y culturales, unidos por el compromiso con la mejora interior y el trabajo fraternal.<\/p>\n<\/div>\n<\/div>\n\n\n\n<div style=\"height:30px\" aria-hidden=\"true\" class=\"wp-block-spacer\"><\/div>\n<\/div>\n<\/div>\n\n\n\n<div class=\"wp-block-group has-global-padding is-layout-constrained wp-container-core-group-is-layout-3a820303 wp-block-group-is-layout-constrained\" style=\"padding-right:var(--wp--preset--spacing--small);padding-left:var(--wp--preset--spacing--small)\">\n<div style=\"height:37px\" aria-hidden=\"true\" class=\"wp-block-spacer\"><\/div>\n\n\n\n<div style=\"height:33px\" aria-hidden=\"true\" class=\"wp-block-spacer\"><\/div>\n<\/div>\n\n\n\n<p class=\"has-text-align-center\">El Real Arco no es una ruptura.<br>Es una culminaci\u00f3n.<\/p>\n\n\n\n<p class=\"has-text-align-center\">No compite.<br>Complementa.<\/p>\n\n\n\n<p class=\"has-text-align-center\">No busca confrontaci\u00f3n.<br>Preserva la tradici\u00f3n.<\/p>\n","protected":false},"excerpt":{"rendered":"<p>Autoridad Suprema de la Masoner\u00eda Regular del Real Arco en la Rep\u00fablica del Ecuador Erigida y Consagrada por The Supreme Grand Royal Arch Chapter of Scotland Saludos Bienvenidos al sitio oficial del Gran Cap\u00edtulo Supremo del Real Arco del Ecuador. Este Cuerpo Mas\u00f3nico preserva y transmite la tradici\u00f3n del Real Arco bajo los principios universales &hellip; <\/p>\n<p class=\"link-more\"><a href=\"https:\/\/sgrac-ecuador.com\/es_ec\/\" class=\"more-link\">Leer m\u00e1s<span class=\"screen-reader-text\"> \u00abInicio\u00bb<\/span><\/a><\/p>\n","protected":false},"author":2,"featured_media":0,"parent":0,"menu_order":0,"comment_status":"closed","ping_status":"closed","template":"page-templates\/full-width-no-title.php","meta":{"_monsterinsights_skip_tracking":false,"_monsterinsights_sitenote_active":false,"_monsterinsights_sitenote_note":"","_monsterinsights_sitenote_category":0,"inspiro_hide_title":false,"footnotes":""},"class_list":["post-7857","page","type-page","status-publish","hentry"],"aioseo_notices":[],"featured_media_urls":[],"_links":{"self":[{"href":"https:\/\/sgrac-ecuador.com\/es_ec\/wp-json\/wp\/v2\/pages\/7857","targetHints":{"allow":["GET"]}}],"collection":[{"href":"https:\/\/sgrac-ecuador.com\/es_ec\/wp-json\/wp\/v2\/pages"}],"about":[{"href":"https:\/\/sgrac-ecuador.com\/es_ec\/wp-json\/wp\/v2\/types\/page"}],"author":[{"embeddable":true,"href":"https:\/\/sgrac-ecuador.com\/es_ec\/wp-json\/wp\/v2\/users\/2"}],"replies":[{"embeddable":true,"href":"https:\/\/sgrac-ecuador.com\/es_ec\/wp-json\/wp\/v2\/comments?post=7857"}],"version-history":[{"count":2,"href":"https:\/\/sgrac-ecuador.com\/es_ec\/wp-json\/wp\/v2\/pages\/7857\/revisions"}],"predecessor-version":[{"id":7861,"href":"https:\/\/sgrac-ecuador.com\/es_ec\/wp-json\/wp\/v2\/pages\/7857\/revisions\/7861"}],"wp:attachment":[{"href":"https:\/\/sgrac-ecuador.com\/es_ec\/wp-json\/wp\/v2\/media?parent=7857"}],"curies":[{"name":"wp","href":"https:\/\/api.w.org\/{rel}","templated":true}]}}